{"id":921,"date":"2021-07-08T11:58:56","date_gmt":"2021-07-08T09:58:56","guid":{"rendered":"http:\/\/asci-etti.fr\/?page_id=921"},"modified":"2021-07-09T16:30:09","modified_gmt":"2021-07-09T14:30:09","slug":"mentions-legales","status":"publish","type":"page","link":"https:\/\/asci-etti.fr\/?page_id=921","title":{"rendered":"Mentions l\u00e9gales"},"content":{"rendered":"\t\t<div data-elementor-type=\"wp-page\" data-elementor-id=\"921\" class=\"elementor elementor-921\" data-elementor-settings=\"[]\">\n\t\t\t\t\t\t\t<div class=\"elementor-section-wrap\">\n\t\t\t\t\t\t\t<section class=\"elementor-section elementor-top-section elementor-element elementor-element-2ed314a elementor-section-stretched elementor-section-boxed elementor-section-height-default elementor-section-height-default\" data-id=\"2ed314a\" data-element_type=\"section\" data-settings=\"{&quot;stretch_section&quot;:&quot;section-stretched&quot;,&quot;background_background&quot;:&quot;classic&quot;}\">\n\t\t\t\t\t\t<div class=\"elementor-container elementor-column-gap-default\">\n\t\t\t\t\t<div class=\"elementor-column elementor-col-50 elementor-top-column elementor-element elementor-element-d972d37\" data-id=\"d972d37\" data-element_type=\"column\">\n\t\t\t<div class=\"elementor-widget-wrap elementor-element-populated\">\n\t\t\t\t\t\t\t\t<div class=\"elementor-element elementor-element-aaaf9d5 elementor-widget elementor-widget-ekit-nav-menu\" data-id=\"aaaf9d5\" data-element_type=\"widget\" data-widget_type=\"ekit-nav-menu.default\">\n\t\t\t\t<div class=\"elementor-widget-container\">\n\t\t\t<div class=\"ekit-wid-con ekit_menu_responsive_tablet\" data-hamburger-icon=\"\" data-hamburger-icon-type=\"icon\" data-responsive-breakpoint=\"1024\">            <button class=\"elementskit-menu-hamburger elementskit-menu-toggler\">\n                                    <span class=\"elementskit-menu-hamburger-icon\"><\/span><span class=\"elementskit-menu-hamburger-icon\"><\/span><span class=\"elementskit-menu-hamburger-icon\"><\/span>\n                            <\/button>\n            <div id=\"ekit-megamenu-menu-asci\" class=\"elementskit-menu-container elementskit-menu-offcanvas-elements elementskit-navbar-nav-default elementskit_line_arrow ekit-nav-menu-one-page-yes\"><ul id=\"main-menu\" class=\"elementskit-navbar-nav elementskit-menu-po-left submenu-click-on-icon\"><li id=\"menu-item-1411\" class=\"menu-item menu-item-type-post_type menu-item-object-page menu-item-home menu-item-1411 nav-item elementskit-mobile-builder-content\" data-vertical-menu=750px><a href=\"https:\/\/asci-etti.fr\/\" class=\"ekit-menu-nav-link menu-link\">Accueil<\/a><\/li>\n<li id=\"menu-item-134\" class=\"menu-item menu-item-type-post_type menu-item-object-post menu-item-has-children menu-item-134 nav-item elementskit-dropdown-has relative_position elementskit-dropdown-menu-default_width elementskit-mobile-builder-content\" data-vertical-menu=750px><a href=\"https:\/\/asci-etti.fr\/?p=127\" class=\"ekit-menu-nav-link ekit-menu-dropdown-toggle menu-link\">Notre identit\u00e9<i class=\"icon icon-down-arrow1 elementskit-submenu-indicator\"><\/i><\/a>\n<ul class=\"elementskit-dropdown elementskit-submenu-panel\">\n\t<li id=\"menu-item-365\" class=\"menu-item menu-item-type-post_type menu-item-object-post menu-item-365 nav-item elementskit-mobile-builder-content\" data-vertical-menu=750px><a href=\"https:\/\/asci-etti.fr\/?p=360\" class=\" dropdown-item menu-link\">Notre story<\/a>\t<li id=\"menu-item-373\" class=\"menu-item menu-item-type-post_type menu-item-object-post menu-item-373 nav-item elementskit-mobile-builder-content\" data-vertical-menu=750px><a href=\"https:\/\/asci-etti.fr\/?p=370\" class=\" dropdown-item menu-link\">Notre ADN<\/a>\t<li id=\"menu-item-297\" class=\"menu-item menu-item-type-post_type menu-item-object-post menu-item-297 nav-item elementskit-mobile-builder-content\" data-vertical-menu=750px><a href=\"https:\/\/asci-etti.fr\/?p=285\" class=\" dropdown-item menu-link\">Nos forces vives<\/a><\/ul>\n<\/li>\n<li id=\"menu-item-470\" class=\"menu-item menu-item-type-post_type menu-item-object-post menu-item-has-children menu-item-470 nav-item elementskit-dropdown-has relative_position elementskit-dropdown-menu-default_width elementskit-mobile-builder-content\" data-vertical-menu=750px><a href=\"https:\/\/asci-etti.fr\/?p=443\" class=\"ekit-menu-nav-link ekit-menu-dropdown-toggle menu-link\">Notre m\u00e9tier<i class=\"icon icon-down-arrow1 elementskit-submenu-indicator\"><\/i><\/a>\n<ul class=\"elementskit-dropdown elementskit-submenu-panel\">\n\t<li id=\"menu-item-469\" class=\"menu-item menu-item-type-post_type menu-item-object-post menu-item-469 nav-item elementskit-mobile-builder-content\" data-vertical-menu=750px><a href=\"https:\/\/asci-etti.fr\/?p=452\" class=\" dropdown-item menu-link\">Les services aux entreprises<\/a>\t<li id=\"menu-item-468\" class=\"menu-item menu-item-type-post_type menu-item-object-post menu-item-468 nav-item elementskit-mobile-builder-content\" data-vertical-menu=750px><a href=\"https:\/\/asci-etti.fr\/?p=457\" class=\" dropdown-item menu-link\">Les services aux int\u00e9rimaires<\/a>\t<li id=\"menu-item-467\" class=\"menu-item menu-item-type-post_type menu-item-object-post menu-item-467 nav-item elementskit-mobile-builder-content\" data-vertical-menu=750px><a href=\"https:\/\/asci-etti.fr\/?p=462\" class=\" dropdown-item menu-link\">Les r\u00e9sultats<\/a><\/ul>\n<\/li>\n<li id=\"menu-item-399\" class=\"menu-item menu-item-type-post_type menu-item-object-post menu-item-399 nav-item elementskit-mobile-builder-content\" data-vertical-menu=750px><a href=\"https:\/\/asci-etti.fr\/?p=396\" class=\"ekit-menu-nav-link menu-link\">Nos partenaires<\/a><\/li>\n<li id=\"menu-item-637\" class=\"menu-item menu-item-type-post_type menu-item-object-post menu-item-637 nav-item elementskit-mobile-builder-content\" data-vertical-menu=750px><a href=\"https:\/\/asci-etti.fr\/?p=559\" class=\"ekit-menu-nav-link menu-link\">T\u00e9moignages<\/a><\/li>\n<li id=\"menu-item-323\" class=\"menu-item menu-item-type-post_type menu-item-object-post menu-item-323 nav-item elementskit-mobile-builder-content\" data-vertical-menu=750px><a href=\"https:\/\/asci-etti.fr\/?p=320\" class=\"ekit-menu-nav-link menu-link\">Nos documents<\/a><\/li>\n<li id=\"menu-item-349\" class=\"menu-item menu-item-type-post_type menu-item-object-post menu-item-has-children menu-item-349 nav-item elementskit-dropdown-has relative_position elementskit-dropdown-menu-default_width elementskit-mobile-builder-content\" data-vertical-menu=750px><a href=\"https:\/\/asci-etti.fr\/?p=346\" class=\"ekit-menu-nav-link ekit-menu-dropdown-toggle menu-link\">Contactez-nous !<i class=\"icon icon-down-arrow1 elementskit-submenu-indicator\"><\/i><\/a>\n<ul class=\"elementskit-dropdown elementskit-submenu-panel\">\n\t<li id=\"menu-item-953\" class=\"menu-item menu-item-type-post_type menu-item-object-page menu-item-privacy-policy menu-item-953 nav-item elementskit-mobile-builder-content\" data-vertical-menu=750px><a href=\"https:\/\/asci-etti.fr\/?page_id=921\" class=\" dropdown-item menu-link\">Mentions l\u00e9gales<\/a>\t<li id=\"menu-item-928\" class=\"menu-item menu-item-type-post_type menu-item-object-page menu-item-928 nav-item elementskit-mobile-builder-content\" data-vertical-menu=750px><a href=\"https:\/\/asci-etti.fr\/?page_id=926\" class=\" dropdown-item menu-link\">Politique de cookies (EU)<\/a><\/ul>\n<\/li>\n<\/ul>\n\t\t\t\t<div class=\"elementskit-nav-identity-panel\">\n\t\t\t\t\t<div class=\"elementskit-site-title\">\n\t\t\t\t\t\t<a class=\"elementskit-nav-logo\" href=\"https:\/\/asci-etti.fr\" target=\"_self\" rel=\"\">\n\t\t\t\t\t\t\t<img src=\"https:\/\/asci-etti.fr\/wp-content\/uploads\/2021\/04\/Logo-ASCI2.png\" alt=\"\">\n\t\t\t\t\t\t<\/a>\n\t\t\t\t\t<\/div>\n\t\t\t\t\t<button class=\"elementskit-menu-close elementskit-menu-toggler\" type=\"button\">X<\/button>\n\t\t\t\t<\/div>\n\t\t\t<\/div><div class=\"elementskit-menu-overlay elementskit-menu-offcanvas-elements elementskit-menu-toggler ekit-nav-menu--overlay\"><\/div><\/div>\t\t<\/div>\n\t\t\t\t<\/div>\n\t\t\t\t\t<\/div>\n\t\t<\/div>\n\t\t\t\t<div class=\"elementor-column elementor-col-50 elementor-top-column elementor-element elementor-element-6f76dbe\" data-id=\"6f76dbe\" data-element_type=\"column\">\n\t\t\t<div class=\"elementor-widget-wrap elementor-element-populated\">\n\t\t\t\t\t\t\t\t<div class=\"elementor-element elementor-element-7267ddb elementor-widget elementor-widget-elementskit-header-search\" data-id=\"7267ddb\" data-element_type=\"widget\" data-widget_type=\"elementskit-header-search.default\">\n\t\t\t\t<div class=\"elementor-widget-container\">\n\t\t\t<div class=\"ekit-wid-con\" >        <a href=\"#ekit_modal-popup-7267ddb\" class=\"ekit_navsearch-button ekit-modal-popup\">\n            <i aria-hidden=\"true\" class=\"fas fa-search\"><\/i>        <\/a>\n        <!-- language switcher strart -->\n        <!-- xs modal -->\n        <div class=\"zoom-anim-dialog mfp-hide ekit_modal-searchPanel\" id=\"ekit_modal-popup-7267ddb\">\n            <div class=\"ekit-search-panel\">\n            <!-- Polylang search - thanks to Alain Melsens -->\n                <form role=\"search\" method=\"get\" class=\"ekit-search-group\" action=\"https:\/\/asci-etti.fr\/\">\n                    <input type=\"search\" class=\"ekit_search-field\" placeholder=\"Recherche\" value=\"\" name=\"s\" \/>\n                    <button type=\"submit\" class=\"ekit_search-button\">\n                        <i aria-hidden=\"true\" class=\"fas fa-search\"><\/i>                    <\/button>\n                <\/form>\n            <\/div>\n        <\/div><!-- End xs modal -->\n        <!-- end language switcher strart -->\n        <\/div>\t\t<\/div>\n\t\t\t\t<\/div>\n\t\t\t\t\t<\/div>\n\t\t<\/div>\n\t\t\t\t\t\t\t<\/div>\n\t\t<\/section>\n\t\t\t\t<section class=\"elementor-section elementor-top-section elementor-element elementor-element-20a8be3 elementor-section-boxed elementor-section-height-default elementor-section-height-default\" data-id=\"20a8be3\" data-element_type=\"section\" data-settings=\"{&quot;background_background&quot;:&quot;classic&quot;}\">\n\t\t\t\t\t\t\t<div class=\"elementor-background-overlay\"><\/div>\n\t\t\t\t\t\t\t<div class=\"elementor-container elementor-column-gap-default\">\n\t\t\t\t\t<div class=\"elementor-column elementor-col-100 elementor-top-column elementor-element elementor-element-05e6602 elementor-invisible\" data-id=\"05e6602\" data-element_type=\"column\" data-settings=\"{&quot;background_background&quot;:&quot;classic&quot;,&quot;animation&quot;:&quot;fadeInLeft&quot;}\">\n\t\t\t<div class=\"elementor-widget-wrap elementor-element-populated\">\n\t\t\t\t\t<div class=\"elementor-background-overlay\"><\/div>\n\t\t\t\t\t\t\t\t<div class=\"elementor-element elementor-element-f22d118 elementor-position-left elementor-view-default elementor-vertical-align-top elementor-widget elementor-widget-icon-box\" data-id=\"f22d118\" data-element_type=\"widget\" data-widget_type=\"icon-box.default\">\n\t\t\t\t<div class=\"elementor-widget-container\">\n\t\t\t\t\t<div class=\"elementor-icon-box-wrapper\">\n\t\t\t\t\t\t<div class=\"elementor-icon-box-icon\">\n\t\t\t\t<span class=\"elementor-icon elementor-animation-\" >\n\t\t\t\t<i aria-hidden=\"true\" class=\"fas fa-info-circle\"><\/i>\t\t\t\t<\/span>\n\t\t\t<\/div>\n\t\t\t\t\t\t<div class=\"elementor-icon-box-content\">\n\t\t\t\t<h3 class=\"elementor-icon-box-title\">\n\t\t\t\t\t<span >Mentions l\u00e9gales<\/span>\n\t\t\t\t<\/h3>\n\t\t\t\t\t\t\t<\/div>\n\t\t<\/div>\n\t\t\t\t<\/div>\n\t\t\t\t<\/div>\n\t\t\t\t<div class=\"elementor-element elementor-element-b1a0ad3 elementor-widget elementor-widget-text-editor\" data-id=\"b1a0ad3\" data-element_type=\"widget\" data-widget_type=\"text-editor.default\">\n\t\t\t\t<div class=\"elementor-widget-container\">\n\t\t\t\t\t\t\t\t<h2>1 &#8211; \u00c9dition du site<\/h2><p>En vertu de <a href=\"https:\/\/www.legifrance.gouv.fr\/affichTexte.do?cidTexte=JORFTEXT000000801164#LEGIARTI000042038977\" target=\"_blank\" rel=\"noreferrer noopener\">l&#8217;article 6 de la loi n\u00b0 2004-575 du 21 juin 2004<\/a> pour la confiance dans l&#8217;\u00e9conomie num\u00e9rique, il est pr\u00e9cis\u00e9 aux utilisateurs du site internet <a href=\"https:\/\/la-webeuse.com\/generateur-mentions-legales\/asci-etti.fr\">asci-etti.fr<\/a> l&#8217;identit\u00e9 des diff\u00e9rents intervenants dans le cadre de sa r\u00e9alisation et de son suivi:<\/p><p><strong>Propri\u00e9taire du site : <\/strong>Asci &#8211; Agence Seine Caux Int\u00e9rim &#8211; Contact : administration@asci-etti.fr 02 32 18 74 02 &#8211; Adresse : 1 r Hameau des Brouettes, 76100 ROUEN .<\/p><p><strong>Identification de l&#8217;entreprise :<\/strong> Association Asci &#8211; Agence Seine Caux Int\u00e9rim au capital social de \u20ac &#8211; SIREN : 42906026200020 &#8211; RCS ou RM : &#8211; Adresse postale : 1 r Hameau des Brouettes, 76100 ROUEN .<\/p><p><strong>Directeur de la publication : <\/strong>Sophie HEBERT &#8211; Contact : administration@asci-etti.fr.<\/p><p><strong>H\u00e9bergeur :<\/strong> OVH SAS &#8211; 2 rue Kellermann &#8211; BP 80157 &#8211; 59053 Roubaix Cedex 1 &#8211; T\u00e9l\u00e9phone : 1007<\/p><p><strong>D\u00e9l\u00e9gu\u00e9 \u00e0 la protection des donn\u00e9es : <\/strong> &#8211;<\/p><p><strong>Autres contributeurs :<\/strong> Webmaster : Laurent LEBIEZ<\/p><hr class=\"wp-block-separator\" \/><h2>2 &#8211; Propri\u00e9t\u00e9 intellectuelle et contrefa\u00e7ons.<\/h2><p><strong>Asci &#8211; Agence Seine Caux Int\u00e9rim<\/strong> est propri\u00e9taire des droits de propri\u00e9t\u00e9 intellectuelle et d\u00e9tient les droits d\u2019usage sur tous les \u00e9l\u00e9ments accessibles sur le site internet, notamment les textes, images, graphismes, logos, vid\u00e9os, architecture, ic\u00f4nes et sons.<\/p><p>Toute reproduction, repr\u00e9sentation, modification, publication, adaptation de tout ou partie des \u00e9l\u00e9ments du site, quel que soit le moyen ou le proc\u00e9d\u00e9 utilis\u00e9, est interdite, sauf autorisation \u00e9crite pr\u00e9alable de <strong>Asci &#8211; Agence Seine Caux Int\u00e9rim<\/strong>.<\/p><p>Toute exploitation non autoris\u00e9e du site ou de l\u2019un quelconque des \u00e9l\u00e9ments qu\u2019il contient sera consid\u00e9r\u00e9e comme constitutive d\u2019une contrefa\u00e7on et poursuivie conform\u00e9ment aux dispositions des articles <a href=\"https:\/\/www.legifrance.gouv.fr\/affichCodeArticle.do?idArticle=LEGIARTI000032655082&amp;cidTexte=LEGITEXT000006069414&amp;dateTexte=20160605\" target=\"_blank\" rel=\"noreferrer noopener\">L.335-2 et suivants du Code de Propri\u00e9t\u00e9 Intellectuelle<\/a>.<\/p><hr class=\"wp-block-separator\" \/><h2>3 &#8211; Limitations de responsabilit\u00e9.<\/h2><p><strong>Asci &#8211; Agence Seine Caux Int\u00e9rim<\/strong> ne pourra \u00eatre tenu pour responsable des dommages directs et indirects caus\u00e9s au mat\u00e9riel de l\u2019utilisateur, lors de l\u2019acc\u00e8s au site <a href=\"https:\/\/la-webeuse.com\/generateur-mentions-legales\/asci-etti.fr\">asci-etti.fr<\/a>.<\/p><p><strong>Asci &#8211; Agence Seine Caux Int\u00e9rim<\/strong> d\u00e9cline toute responsabilit\u00e9 quant \u00e0 l\u2019utilisation qui pourrait \u00eatre faite des informations et contenus pr\u00e9sents sur <a href=\"https:\/\/la-webeuse.com\/generateur-mentions-legales\/asci-etti.fr\">asci-etti.fr<\/a>.<\/p><p><strong>Asci &#8211; Agence Seine Caux Int\u00e9rim<\/strong> s\u2019engage \u00e0 s\u00e9curiser au mieux le site <a href=\"https:\/\/la-webeuse.com\/generateur-mentions-legales\/asci-etti.fr\">asci-etti.fr<\/a>, cependant sa responsabilit\u00e9 ne pourra \u00eatre mise en cause si des donn\u00e9es ind\u00e9sirables sont import\u00e9es et install\u00e9es sur son site \u00e0 son insu.<\/p><p>Des espaces interactifs (espace contact ou commentaires) sont \u00e0 la disposition des utilisateurs. <strong>Asci &#8211; Agence Seine Caux Int\u00e9rim<\/strong> se r\u00e9serve le droit de supprimer, sans mise en demeure pr\u00e9alable, tout contenu d\u00e9pos\u00e9 dans cet espace qui contreviendrait \u00e0 la l\u00e9gislation applicable en France, en particulier aux dispositions relatives \u00e0 la protection des donn\u00e9es.<\/p><p>Le cas \u00e9ch\u00e9ant, <strong>Asci &#8211; Agence Seine Caux Int\u00e9rim<\/strong> se r\u00e9serve \u00e9galement la possibilit\u00e9 de mettre en cause la responsabilit\u00e9 civile et\/ou p\u00e9nale de l\u2019utilisateur, notamment en cas de message \u00e0 caract\u00e8re raciste, injurieux, diffamant, ou pornographique, quel que soit le support utilis\u00e9 (texte, photographie \u2026).<\/p><hr class=\"wp-block-separator\" \/><h2>4 &#8211; CNIL et gestion des donn\u00e9es personnelles.<\/h2><p>Conform\u00e9ment aux dispositions de <a href=\"https:\/\/www.legifrance.gouv.fr\/affichTexte.do?cidTexte=JORFTEXT000000886460\" target=\"_blank\" rel=\"noreferrer noopener\">la loi 78-17 du 6 janvier 1978 modifi\u00e9e<\/a>, l\u2019utilisateur du site <a href=\"https:\/\/la-webeuse.com\/generateur-mentions-legales\/asci-etti.fr\">asci-etti.fr<\/a> dispose d\u2019un droit d\u2019acc\u00e8s, de modification et de suppression des informations collect\u00e9es. Pour exercer ce droit, envoyez un message \u00e0 notre D\u00e9l\u00e9gu\u00e9 \u00e0 la Protection des Donn\u00e9es : &#8211; .<\/p><p>Pour plus d&#8217;informations sur la fa\u00e7on dont nous traitons vos donn\u00e9es (type de donn\u00e9es, finalit\u00e9, destinataire&#8230;), lisez notre <a href=\"https:\/\/asci-etti.fr\/?p=906\">Politique de Confidentialit\u00e9<\/a>.<\/p><p>Il est \u00e9galement possible de <a href=\"https:\/\/www.cnil.fr\/fr\/plaintes\" target=\"_blank\" rel=\"noreferrer noopener\">d\u00e9poser une r\u00e9clamation aupr\u00e8s de la CNIL<\/a>.<\/p><hr class=\"wp-block-separator\" \/><h2>5 &#8211; Liens hypertextes et cookies<\/h2><p>Le site <a href=\"https:\/\/asci-etti.fr\">asci-etti.fr<\/a> contient des liens hypertextes vers d\u2019autres sites et d\u00e9gage toute responsabilit\u00e9 \u00e0 propos de ces liens externes ou des liens cr\u00e9\u00e9s par d\u2019autres sites vers <a href=\"https:\/\/asci-etti.fr\">asci-etti.fr<\/a>.<\/p><p>La navigation sur le site <a href=\"https:\/\/la-webeuse.com\/generateur-mentions-legales\/asci-etti.fr\">asci-etti.fr<\/a> est susceptible de provoquer l\u2019installation de cookie(s) sur l\u2019ordinateur de l\u2019utilisateur.<\/p><p>Un &#8220;cookie&#8221; est un fichier de petite taille qui enregistre des informations relatives \u00e0 la navigation d\u2019un utilisateur sur un site. Les donn\u00e9es ainsi obtenues permettent d&#8217;obtenir des mesures de fr\u00e9quentation, par exemple.<\/p><p>Vous avez la possibilit\u00e9 <strong>d\u2019accepter ou de refuser les cookies<\/strong> en modifiant les param\u00e8tres de votre navigateur. Aucun cookie ne sera d\u00e9pos\u00e9 sans votre consentement.<\/p><p>Les cookies sont enregistr\u00e9s pour une dur\u00e9e maximale de 6 mois.<\/p><p>Pour plus d&#8217;informations sur la fa\u00e7on dont nous faisons usage des cookies, lisez notre <a href=\"https:\/\/asci-etti.fr\/?p=906\">Politique de Confidentialit\u00e9<\/a>.<\/p><hr class=\"wp-block-separator\" \/><h2>6 &#8211; Droit applicable et attribution de juridiction.<\/h2><p>Tout litige en relation avec l\u2019utilisation du site <a href=\"https:\/\/la-webeuse.com\/generateur-mentions-legales\/asci-etti.fr\">asci-etti.fr<\/a> est soumis au droit fran\u00e7ais. En dehors des cas o\u00f9 la loi ne le permet pas, il est fait attribution exclusive de juridiction aux tribunaux comp\u00e9tents de <strong>Rouen<\/strong>.<\/p>\t\t\t\t\t\t<\/div>\n\t\t\t\t<\/div>\n\t\t\t\t\t<\/div>\n\t\t<\/div>\n\t\t\t\t\t\t\t<\/div>\n\t\t<\/section>\n\t\t\t\t\t\t<\/div>\n\t\t\t\t\t<\/div>\n\t\t","protected":false},"excerpt":{"rendered":"<p>Accueil Notre identit\u00e9 Notre story Notre ADN Nos forces vives Notre m\u00e9tier Les services aux entreprises Les services aux int\u00e9rimaires Les r\u00e9sultats Nos partenaires T\u00e9moignages Nos documents Contactez-nous ! Mentions l\u00e9gales Politique de cookies (EU) X Mentions l\u00e9gales 1 &#8211; \u00c9dition du site En vertu de l&#8217;article 6 de la loi n\u00b0 2004-575 du 21 &hellip;<\/p>\n<p class=\"read-more\"> <a class=\"\" href=\"https:\/\/asci-etti.fr\/?page_id=921\"> <span class=\"screen-reader-text\">Mentions l\u00e9gales<\/span> Lire la suite\u00a0\u00bb<\/a><\/p>\n","protected":false},"author":1,"featured_media":0,"parent":0,"menu_order":0,"comment_status":"closed","ping_status":"closed","template":"elementor_header_footer","meta":[],"_links":{"self":[{"href":"https:\/\/asci-etti.fr\/index.php?rest_route=\/wp\/v2\/pages\/921"}],"collection":[{"href":"https:\/\/asci-etti.fr\/index.php?rest_route=\/wp\/v2\/pages"}],"about":[{"href":"https:\/\/asci-etti.fr\/index.php?rest_route=\/wp\/v2\/types\/page"}],"author":[{"embeddable":true,"href":"https:\/\/asci-etti.fr\/index.php?rest_route=\/wp\/v2\/users\/1"}],"replies":[{"embeddable":true,"href":"https:\/\/asci-etti.fr\/index.php?rest_route=%2Fwp%2Fv2%2Fcomments&post=921"}],"version-history":[{"count":7,"href":"https:\/\/asci-etti.fr\/index.php?rest_route=\/wp\/v2\/pages\/921\/revisions"}],"predecessor-version":[{"id":1106,"href":"https:\/\/asci-etti.fr\/index.php?rest_route=\/wp\/v2\/pages\/921\/revisions\/1106"}],"wp:attachment":[{"href":"https:\/\/asci-etti.fr\/index.php?rest_route=%2Fwp%2Fv2%2Fmedia&parent=921"}],"curies":[{"name":"wp","href":"https:\/\/api.w.org\/{rel}","templated":true}]}}